{"id":1079,"date":"2019-07-26T06:26:20","date_gmt":"2019-07-26T10:26:20","guid":{"rendered":"http:\/\/kap.turnbull.co\/?page_id=1079"},"modified":"2024-07-12T15:02:36","modified_gmt":"2024-07-12T19:02:36","slug":"nous-joindre","status":"publish","type":"page","link":"https:\/\/www.legalclinickap.ca\/fr\/nous-joindre\/","title":{"rendered":"Nous joindre"},"content":{"rendered":"<div class='content-column one_half'><p>Communiquez avec nous par t\u00e9l\u00e9phone au bureau principal de Kapuskasing pour tous les bureaux satellites de Cochrane \u00e0 Hornepayne pour obtenir un rendez-vous.<\/p>\n<p>Il est pr\u00e9f\u00e9rable de nous contacter par t\u00e9l\u00e9phone ou par courrier \u00e9lectronique en utilisant le formulaire ci-dessous. Nous pouvons seulement discuter de votre probl\u00e8me en personne ou par t\u00e9l\u00e9phone.<\/p>\n<p>Veuillez remplir le formulaire ci-dessous pour:<\/p>\n<ul>\n<li>rendez-vous en bureau<\/li>\n<li>rendez-vous t\u00e9l\u00e9phoniques<\/li>\n<li>demander une pr\u00e9sentation juridique pour votre organisation<\/li>\n<\/ul>\n<p>&nbsp;<\/p><\/div>\n<div class='content-column one_half last_column'><\/div><div class='clear_column'><\/div>\n","protected":false},"excerpt":{"rendered":"","protected":false},"author":2,"featured_media":0,"parent":0,"menu_order":5,"comment_status":"closed","ping_status":"closed","template":"template-contact.php","meta":{"footnotes":""},"class_list":["post-1079","page","type-page","status-publish","hentry"],"yoast_head":"<!-- This site is optimized with the Yoast SEO plugin v27.0 - https:\/\/yoast.com\/product\/yoast-seo-wordpress\/ -->\n<title>Nous joindre - Clinique juridique Grand-Nord Legal Clinic<\/title>\n<meta name=\"robots\" content=\"index, follow, max-snippet:-1, max-image-preview:large, max-video-preview:-1\" \/>\n<link rel=\"canonical\" href=\"https:\/\/www.legalclinickap.ca\/fr\/nous-joindre\/\" \/>\n<meta property=\"og:locale\" content=\"fr_FR\" \/>\n<meta property=\"og:type\" content=\"article\" \/>\n<meta property=\"og:title\" content=\"Nous joindre - Clinique juridique Grand-Nord Legal Clinic\" \/>\n<meta property=\"og:url\" content=\"https:\/\/www.legalclinickap.ca\/fr\/nous-joindre\/\" \/>\n<meta property=\"og:site_name\" content=\"Clinique juridique Grand-Nord Legal Clinic\" \/>\n<meta property=\"article:modified_time\" content=\"2024-07-12T19:02:36+00:00\" \/>\n<meta name=\"twitter:card\" content=\"summary_large_image\" \/>\n<meta name=\"twitter:label1\" content=\"Dur\u00e9e de lecture estim\u00e9e\" \/>\n\t<meta name=\"twitter:data1\" content=\"1 minute\" \/>\n<script type=\"application\/ld+json\" class=\"yoast-schema-graph\">{\"@context\":\"https:\/\/schema.org\",\"@graph\":[{\"@type\":\"WebPage\",\"@id\":\"https:\/\/www.legalclinickap.ca\/fr\/nous-joindre\/\",\"url\":\"https:\/\/www.legalclinickap.ca\/fr\/nous-joindre\/\",\"name\":\"Nous joindre - Clinique juridique Grand-Nord Legal Clinic\",\"isPartOf\":{\"@id\":\"https:\/\/www.legalclinickap.ca\/#website\"},\"datePublished\":\"2019-07-26T10:26:20+00:00\",\"dateModified\":\"2024-07-12T19:02:36+00:00\",\"breadcrumb\":{\"@id\":\"https:\/\/www.legalclinickap.ca\/fr\/nous-joindre\/#breadcrumb\"},\"inLanguage\":\"fr-FR\",\"potentialAction\":[{\"@type\":\"ReadAction\",\"target\":[\"https:\/\/www.legalclinickap.ca\/fr\/nous-joindre\/\"]}]},{\"@type\":\"BreadcrumbList\",\"@id\":\"https:\/\/www.legalclinickap.ca\/fr\/nous-joindre\/#breadcrumb\",\"itemListElement\":[{\"@type\":\"ListItem\",\"position\":1,\"name\":\"Home\",\"item\":\"https:\/\/www.legalclinickap.ca\/fr\/\"},{\"@type\":\"ListItem\",\"position\":2,\"name\":\"Nous joindre\"}]},{\"@type\":\"WebSite\",\"@id\":\"https:\/\/www.legalclinickap.ca\/#website\",\"url\":\"https:\/\/www.legalclinickap.ca\/\",\"name\":\"Clinique juridique Grand-Nord Legal Clinic\",\"description\":\"\",\"potentialAction\":[{\"@type\":\"SearchAction\",\"target\":{\"@type\":\"EntryPoint\",\"urlTemplate\":\"https:\/\/www.legalclinickap.ca\/?s={search_term_string}\"},\"query-input\":{\"@type\":\"PropertyValueSpecification\",\"valueRequired\":true,\"valueName\":\"search_term_string\"}}],\"inLanguage\":\"fr-FR\"}]}<\/script>\n<!-- \/ Yoast SEO plugin. -->","yoast_head_json":{"title":"Nous joindre - Clinique juridique Grand-Nord Legal Clinic","robots":{"index":"index","follow":"follow","max-snippet":"max-snippet:-1","max-image-preview":"max-image-preview:large","max-video-preview":"max-video-preview:-1"},"canonical":"https:\/\/www.legalclinickap.ca\/fr\/nous-joindre\/","og_locale":"fr_FR","og_type":"article","og_title":"Nous joindre - Clinique juridique Grand-Nord Legal Clinic","og_url":"https:\/\/www.legalclinickap.ca\/fr\/nous-joindre\/","og_site_name":"Clinique juridique Grand-Nord Legal Clinic","article_modified_time":"2024-07-12T19:02:36+00:00","twitter_card":"summary_large_image","twitter_misc":{"Dur\u00e9e de lecture estim\u00e9e":"1 minute"},"schema":{"@context":"https:\/\/schema.org","@graph":[{"@type":"WebPage","@id":"https:\/\/www.legalclinickap.ca\/fr\/nous-joindre\/","url":"https:\/\/www.legalclinickap.ca\/fr\/nous-joindre\/","name":"Nous joindre - Clinique juridique Grand-Nord Legal Clinic","isPartOf":{"@id":"https:\/\/www.legalclinickap.ca\/#website"},"datePublished":"2019-07-26T10:26:20+00:00","dateModified":"2024-07-12T19:02:36+00:00","breadcrumb":{"@id":"https:\/\/www.legalclinickap.ca\/fr\/nous-joindre\/#breadcrumb"},"inLanguage":"fr-FR","potentialAction":[{"@type":"ReadAction","target":["https:\/\/www.legalclinickap.ca\/fr\/nous-joindre\/"]}]},{"@type":"BreadcrumbList","@id":"https:\/\/www.legalclinickap.ca\/fr\/nous-joindre\/#breadcrumb","itemListElement":[{"@type":"ListItem","position":1,"name":"Home","item":"https:\/\/www.legalclinickap.ca\/fr\/"},{"@type":"ListItem","position":2,"name":"Nous joindre"}]},{"@type":"WebSite","@id":"https:\/\/www.legalclinickap.ca\/#website","url":"https:\/\/www.legalclinickap.ca\/","name":"Clinique juridique Grand-Nord Legal Clinic","description":"","potentialAction":[{"@type":"SearchAction","target":{"@type":"EntryPoint","urlTemplate":"https:\/\/www.legalclinickap.ca\/?s={search_term_string}"},"query-input":{"@type":"PropertyValueSpecification","valueRequired":true,"valueName":"search_term_string"}}],"inLanguage":"fr-FR"}]}},"_links":{"self":[{"href":"https:\/\/www.legalclinickap.ca\/fr\/wp-json\/wp\/v2\/pages\/1079","targetHints":{"allow":["GET"]}}],"collection":[{"href":"https:\/\/www.legalclinickap.ca\/fr\/wp-json\/wp\/v2\/pages"}],"about":[{"href":"https:\/\/www.legalclinickap.ca\/fr\/wp-json\/wp\/v2\/types\/page"}],"author":[{"embeddable":true,"href":"https:\/\/www.legalclinickap.ca\/fr\/wp-json\/wp\/v2\/users\/2"}],"replies":[{"embeddable":true,"href":"https:\/\/www.legalclinickap.ca\/fr\/wp-json\/wp\/v2\/comments?post=1079"}],"version-history":[{"count":5,"href":"https:\/\/www.legalclinickap.ca\/fr\/wp-json\/wp\/v2\/pages\/1079\/revisions"}],"predecessor-version":[{"id":1531,"href":"https:\/\/www.legalclinickap.ca\/fr\/wp-json\/wp\/v2\/pages\/1079\/revisions\/1531"}],"wp:attachment":[{"href":"https:\/\/www.legalclinickap.ca\/fr\/wp-json\/wp\/v2\/media?parent=1079"}],"curies":[{"name":"wp","href":"https:\/\/api.w.org\/{rel}","templated":true}]}}