{"id":1041,"date":"2019-07-26T04:02:38","date_gmt":"2019-07-26T08:02:38","guid":{"rendered":"http:\/\/kap.turnbull.co\/?page_id=1041"},"modified":"2019-10-07T17:10:42","modified_gmt":"2019-10-07T21:10:42","slug":"admissibilite","status":"publish","type":"page","link":"https:\/\/www.legalclinickap.ca\/fr\/nos-services\/admissibilite\/","title":{"rendered":"Admissibilit\u00e9"},"content":{"rendered":"<h2>Qui est admissible?<\/h2>\n<ul>\n<li>Les personnes qui ont de la difficult\u00e9 qui touche les domaines de droit dont la clinique pratique.<\/li>\n<li>Les personnes qui demeurent dans notre zone de desserte situ\u00e9 de Cochrane \u00e0 Hornepayne.<\/li>\n<li>Les personnes qui qualifient financi\u00e8rement telles que <a href=\"\/wp-content\/uploads\/2019\/06\/Financial-Eligibility-for-Clinic-Law-Services.pdf\" target=\"_blank\" rel=\"noopener\">d\u00e9termin\u00e9es par Aide Juridique Ontario<\/a>.*<\/li>\n<\/ul>\n<p>* Les directives financi\u00e8res ne sont pas consid\u00e9r\u00e9es lorsqu\u2019on donne un avis sommaire.<\/p>\n<h2>Informations g\u00e9n\u00e9rales sur l&rsquo;\u00e9ligibilit\u00e9<\/h2>\n<p>Nous pouvons seulement vous aider que si vous qualifiez financi\u00e8rement. Cependant, nous pourrons peut-\u00eatre vous fournir un avis sommaire m\u00eame si votre revenu est sup\u00e9rieur \u00e0 nos crit\u00e8res d\u2019\u00e9ligibilit\u00e9.<\/p>\n<p>Si votre principale source de revenu familial est l&rsquo;une des suivantes, vous \u00eates automatiquement admissible financi\u00e8rement \u00e0 nos services:<\/p>\n<ul>\n<li>Ontario au travail (OT)<\/li>\n<li>Programme ontarien de soutien aux personnes handicap\u00e9es (POSPH)<\/li>\n<li>Pension de s\u00e9curit\u00e9 de la vieillesse avec suppl\u00e9ment de revenu garanti<\/li>\n<li>Allocation aux anciens combattants<\/li>\n<li>R\u00e9gime de pensions du Canada (si le RPC est principale source de revenu familial)<\/li>\n<li>Commission de la s\u00e9curit\u00e9 professionnelle et de l&rsquo;assurance contre les accidents du travail (CSPAAT) temporaire ou menac\u00e9<\/li>\n<\/ul>\n<p>Si vous ne vous qualifiez pas financi\u00e8rement parce que votre source de revenus ne fait pas partie de celles mentionn\u00e9es ci-dessus, votre \u00e9ligibilit\u00e9 financi\u00e8re d\u00e9pendra donc de la taille de votre famille et de votre revenu familial, ainsi que des actifs que vous poss\u00e9dez.<\/p>\n<p>Certains facteurs discr\u00e9tionnaires peuvent \u00eatre pris en consid\u00e9ration. S&rsquo;il vous pla\u00eet, appelez-nous pour savoir si vous \u00eates admissible.<\/p>\n","protected":false},"excerpt":{"rendered":"<p>Qui est admissible?<\/p>\n<p>Les personnes qui ont de la difficult\u00e9 qui touche les domaines de droit dont la clinique pratique.<br \/>\nLes personnes qui demeurent dans notre zone de desserte situ\u00e9 de Cochrane \u00e0 Hornepayne.<br \/>\nLes personnes qui qualifient financi\u00e8rement telles que <a href=\"\/wp-content\/uploads\/2019\/06\/Financial-Eligibility-for-Clinic-Law-Services.pdf\" target=\"_blank\" rel=\"noopener\">d\u00e9termin\u00e9es par Aide Juridique Ontario<\/a>.*<\/p>\n<p>* Les directives financi\u00e8res ne sont pas consid\u00e9r\u00e9es lorsqu\u2019on donne un avis sommaire.<\/p>\n","protected":false},"author":2,"featured_media":0,"parent":1037,"menu_order":0,"comment_status":"closed","ping_status":"closed","template":"","meta":{"footnotes":""},"class_list":["post-1041","page","type-page","status-publish","hentry"],"yoast_head":"<!-- This site is optimized with the Yoast SEO plugin v27.0 - https:\/\/yoast.com\/product\/yoast-seo-wordpress\/ -->\n<title>Admissibilit\u00e9 - Clinique juridique Grand-Nord Legal Clinic<\/title>\n<meta name=\"robots\" content=\"index, follow, max-snippet:-1, max-image-preview:large, max-video-preview:-1\" \/>\n<link rel=\"canonical\" href=\"https:\/\/www.legalclinickap.ca\/fr\/nos-services\/admissibilite\/\" \/>\n<meta property=\"og:locale\" content=\"fr_FR\" \/>\n<meta property=\"og:type\" content=\"article\" \/>\n<meta property=\"og:title\" content=\"Admissibilit\u00e9 - Clinique juridique Grand-Nord Legal Clinic\" \/>\n<meta property=\"og:description\" content=\"Qui est admissible? Les personnes qui ont de la difficult\u00e9 qui touche les domaines de droit dont la clinique pratique. Les personnes qui demeurent dans notre zone de desserte situ\u00e9 de Cochrane \u00e0 Hornepayne. Les personnes qui qualifient financi\u00e8rement telles que d\u00e9termin\u00e9es par Aide Juridique Ontario.* * Les directives financi\u00e8res ne sont pas consid\u00e9r\u00e9es lorsqu\u2019on donne un avis sommaire.\" \/>\n<meta property=\"og:url\" content=\"https:\/\/www.legalclinickap.ca\/fr\/nos-services\/admissibilite\/\" \/>\n<meta property=\"og:site_name\" content=\"Clinique juridique Grand-Nord Legal Clinic\" \/>\n<meta property=\"article:modified_time\" content=\"2019-10-07T21:10:42+00:00\" \/>\n<meta name=\"twitter:card\" content=\"summary_large_image\" \/>\n<meta name=\"twitter:label1\" content=\"Dur\u00e9e de lecture estim\u00e9e\" \/>\n\t<meta name=\"twitter:data1\" content=\"1 minute\" \/>\n<script type=\"application\/ld+json\" class=\"yoast-schema-graph\">{\"@context\":\"https:\/\/schema.org\",\"@graph\":[{\"@type\":\"WebPage\",\"@id\":\"https:\/\/www.legalclinickap.ca\/fr\/nos-services\/admissibilite\/\",\"url\":\"https:\/\/www.legalclinickap.ca\/fr\/nos-services\/admissibilite\/\",\"name\":\"Admissibilit\u00e9 - Clinique juridique Grand-Nord Legal Clinic\",\"isPartOf\":{\"@id\":\"https:\/\/www.legalclinickap.ca\/#website\"},\"datePublished\":\"2019-07-26T08:02:38+00:00\",\"dateModified\":\"2019-10-07T21:10:42+00:00\",\"breadcrumb\":{\"@id\":\"https:\/\/www.legalclinickap.ca\/fr\/nos-services\/admissibilite\/#breadcrumb\"},\"inLanguage\":\"fr-FR\",\"potentialAction\":[{\"@type\":\"ReadAction\",\"target\":[\"https:\/\/www.legalclinickap.ca\/fr\/nos-services\/admissibilite\/\"]}]},{\"@type\":\"BreadcrumbList\",\"@id\":\"https:\/\/www.legalclinickap.ca\/fr\/nos-services\/admissibilite\/#breadcrumb\",\"itemListElement\":[{\"@type\":\"ListItem\",\"position\":1,\"name\":\"Home\",\"item\":\"https:\/\/www.legalclinickap.ca\/fr\/\"},{\"@type\":\"ListItem\",\"position\":2,\"name\":\"Nos services\",\"item\":\"https:\/\/www.legalclinickap.ca\/fr\/nos-services\/\"},{\"@type\":\"ListItem\",\"position\":3,\"name\":\"Admissibilit\u00e9\"}]},{\"@type\":\"WebSite\",\"@id\":\"https:\/\/www.legalclinickap.ca\/#website\",\"url\":\"https:\/\/www.legalclinickap.ca\/\",\"name\":\"Clinique juridique Grand-Nord Legal Clinic\",\"description\":\"\",\"potentialAction\":[{\"@type\":\"SearchAction\",\"target\":{\"@type\":\"EntryPoint\",\"urlTemplate\":\"https:\/\/www.legalclinickap.ca\/?s={search_term_string}\"},\"query-input\":{\"@type\":\"PropertyValueSpecification\",\"valueRequired\":true,\"valueName\":\"search_term_string\"}}],\"inLanguage\":\"fr-FR\"}]}<\/script>\n<!-- \/ Yoast SEO plugin. -->","yoast_head_json":{"title":"Admissibilit\u00e9 - Clinique juridique Grand-Nord Legal Clinic","robots":{"index":"index","follow":"follow","max-snippet":"max-snippet:-1","max-image-preview":"max-image-preview:large","max-video-preview":"max-video-preview:-1"},"canonical":"https:\/\/www.legalclinickap.ca\/fr\/nos-services\/admissibilite\/","og_locale":"fr_FR","og_type":"article","og_title":"Admissibilit\u00e9 - Clinique juridique Grand-Nord Legal Clinic","og_description":"Qui est admissible? Les personnes qui ont de la difficult\u00e9 qui touche les domaines de droit dont la clinique pratique. Les personnes qui demeurent dans notre zone de desserte situ\u00e9 de Cochrane \u00e0 Hornepayne. Les personnes qui qualifient financi\u00e8rement telles que d\u00e9termin\u00e9es par Aide Juridique Ontario.* * Les directives financi\u00e8res ne sont pas consid\u00e9r\u00e9es lorsqu\u2019on donne un avis sommaire.","og_url":"https:\/\/www.legalclinickap.ca\/fr\/nos-services\/admissibilite\/","og_site_name":"Clinique juridique Grand-Nord Legal Clinic","article_modified_time":"2019-10-07T21:10:42+00:00","twitter_card":"summary_large_image","twitter_misc":{"Dur\u00e9e de lecture estim\u00e9e":"1 minute"},"schema":{"@context":"https:\/\/schema.org","@graph":[{"@type":"WebPage","@id":"https:\/\/www.legalclinickap.ca\/fr\/nos-services\/admissibilite\/","url":"https:\/\/www.legalclinickap.ca\/fr\/nos-services\/admissibilite\/","name":"Admissibilit\u00e9 - Clinique juridique Grand-Nord Legal Clinic","isPartOf":{"@id":"https:\/\/www.legalclinickap.ca\/#website"},"datePublished":"2019-07-26T08:02:38+00:00","dateModified":"2019-10-07T21:10:42+00:00","breadcrumb":{"@id":"https:\/\/www.legalclinickap.ca\/fr\/nos-services\/admissibilite\/#breadcrumb"},"inLanguage":"fr-FR","potentialAction":[{"@type":"ReadAction","target":["https:\/\/www.legalclinickap.ca\/fr\/nos-services\/admissibilite\/"]}]},{"@type":"BreadcrumbList","@id":"https:\/\/www.legalclinickap.ca\/fr\/nos-services\/admissibilite\/#breadcrumb","itemListElement":[{"@type":"ListItem","position":1,"name":"Home","item":"https:\/\/www.legalclinickap.ca\/fr\/"},{"@type":"ListItem","position":2,"name":"Nos services","item":"https:\/\/www.legalclinickap.ca\/fr\/nos-services\/"},{"@type":"ListItem","position":3,"name":"Admissibilit\u00e9"}]},{"@type":"WebSite","@id":"https:\/\/www.legalclinickap.ca\/#website","url":"https:\/\/www.legalclinickap.ca\/","name":"Clinique juridique Grand-Nord Legal Clinic","description":"","potentialAction":[{"@type":"SearchAction","target":{"@type":"EntryPoint","urlTemplate":"https:\/\/www.legalclinickap.ca\/?s={search_term_string}"},"query-input":{"@type":"PropertyValueSpecification","valueRequired":true,"valueName":"search_term_string"}}],"inLanguage":"fr-FR"}]}},"_links":{"self":[{"href":"https:\/\/www.legalclinickap.ca\/fr\/wp-json\/wp\/v2\/pages\/1041","targetHints":{"allow":["GET"]}}],"collection":[{"href":"https:\/\/www.legalclinickap.ca\/fr\/wp-json\/wp\/v2\/pages"}],"about":[{"href":"https:\/\/www.legalclinickap.ca\/fr\/wp-json\/wp\/v2\/types\/page"}],"author":[{"embeddable":true,"href":"https:\/\/www.legalclinickap.ca\/fr\/wp-json\/wp\/v2\/users\/2"}],"replies":[{"embeddable":true,"href":"https:\/\/www.legalclinickap.ca\/fr\/wp-json\/wp\/v2\/comments?post=1041"}],"version-history":[{"count":4,"href":"https:\/\/www.legalclinickap.ca\/fr\/wp-json\/wp\/v2\/pages\/1041\/revisions"}],"predecessor-version":[{"id":1241,"href":"https:\/\/www.legalclinickap.ca\/fr\/wp-json\/wp\/v2\/pages\/1041\/revisions\/1241"}],"up":[{"embeddable":true,"href":"https:\/\/www.legalclinickap.ca\/fr\/wp-json\/wp\/v2\/pages\/1037"}],"wp:attachment":[{"href":"https:\/\/www.legalclinickap.ca\/fr\/wp-json\/wp\/v2\/media?parent=1041"}],"curies":[{"name":"wp","href":"https:\/\/api.w.org\/{rel}","templated":true}]}}