{"id":1025,"date":"2019-07-25T12:43:54","date_gmt":"2019-07-25T16:43:54","guid":{"rendered":"http:\/\/kap.turnbull.co\/?page_id=1025"},"modified":"2024-04-12T13:57:05","modified_gmt":"2024-04-12T17:57:05","slug":"notre-conseil-dadministration","status":"publish","type":"page","link":"https:\/\/www.legalclinickap.ca\/fr\/qui-nous-sommes\/notre-conseil-dadministration\/","title":{"rendered":"Notre conseil d\u2019administration"},"content":{"rendered":"<p>Notre clinique est r\u00e9gie par un conseil d&rsquo;administration compos\u00e9 de b\u00e9n\u00e9voles, \u00e9lus chaque ann\u00e9e par les membres de la clinique. Veuillez nous contacter si vous \u00eates int\u00e9ress\u00e9 \u00e0 devenir membre de notre clinique ou \u00e0 participer \u00e0 tout \u00e9v\u00e9nement ou campagne auquel notre clinique participe.<\/p>\n<p>La Clinique est toujours \u00e0 la recherche de nouveaux membres pour si\u00e9ger sur son Conseil d\u2019administration. Si vous \u00eates int\u00e9ress\u00e9, s\u2019il vous plait envoyez-nous une lettre \u00e0 <span style=\"text-decoration: underline;\">info@legalclinickap.ca<\/span> nous expliquant pourquoi le poste vous int\u00e9resse. Si vous avez des questions, appelez-nous au 705-337-6200.<\/p>\n","protected":false},"excerpt":{"rendered":"<p>Notre clinique est r\u00e9gie par un conseil d&rsquo;administration compos\u00e9 de b\u00e9n\u00e9voles, \u00e9lus chaque ann\u00e9e par les membres de la clinique. Veuillez nous contacter si vous \u00eates int\u00e9ress\u00e9 \u00e0 devenir membre de notre clinique ou \u00e0 participer \u00e0 tout \u00e9v\u00e9nement ou campagne auquel notre clinique participe.<br \/>\nLa Clinique est toujours \u00e0 la recherche de nouveaux membres pour si\u00e9ger sur son Conseil d\u2019administration.<\/p>\n","protected":false},"author":2,"featured_media":0,"parent":1017,"menu_order":0,"comment_status":"closed","ping_status":"closed","template":"template-our-board.php","meta":{"footnotes":""},"class_list":["post-1025","page","type-page","status-publish","hentry"],"yoast_head":"<!-- This site is optimized with the Yoast SEO plugin v27.0 - https:\/\/yoast.com\/product\/yoast-seo-wordpress\/ -->\n<title>Notre conseil d\u2019administration - Clinique juridique Grand-Nord Legal Clinic<\/title>\n<meta name=\"robots\" content=\"index, follow, max-snippet:-1, max-image-preview:large, max-video-preview:-1\" \/>\n<link rel=\"canonical\" href=\"https:\/\/www.legalclinickap.ca\/fr\/qui-nous-sommes\/notre-conseil-dadministration\/\" \/>\n<meta property=\"og:locale\" content=\"fr_FR\" \/>\n<meta property=\"og:type\" content=\"article\" \/>\n<meta property=\"og:title\" content=\"Notre conseil d\u2019administration - Clinique juridique Grand-Nord Legal Clinic\" \/>\n<meta property=\"og:description\" content=\"Notre clinique est r\u00e9gie par un conseil d&rsquo;administration compos\u00e9 de b\u00e9n\u00e9voles, \u00e9lus chaque ann\u00e9e par les membres de la clinique. Veuillez nous contacter si vous \u00eates int\u00e9ress\u00e9 \u00e0 devenir membre de notre clinique ou \u00e0 participer \u00e0 tout \u00e9v\u00e9nement ou campagne auquel notre clinique participe. La Clinique est toujours \u00e0 la recherche de nouveaux membres pour si\u00e9ger sur son Conseil d\u2019administration.\" \/>\n<meta property=\"og:url\" content=\"https:\/\/www.legalclinickap.ca\/fr\/qui-nous-sommes\/notre-conseil-dadministration\/\" \/>\n<meta property=\"og:site_name\" content=\"Clinique juridique Grand-Nord Legal Clinic\" \/>\n<meta property=\"article:modified_time\" content=\"2024-04-12T17:57:05+00:00\" \/>\n<meta name=\"twitter:card\" content=\"summary_large_image\" \/>\n<meta name=\"twitter:label1\" content=\"Dur\u00e9e de lecture estim\u00e9e\" \/>\n\t<meta name=\"twitter:data1\" content=\"1 minute\" \/>\n<script type=\"application\/ld+json\" class=\"yoast-schema-graph\">{\"@context\":\"https:\/\/schema.org\",\"@graph\":[{\"@type\":\"WebPage\",\"@id\":\"https:\/\/www.legalclinickap.ca\/fr\/qui-nous-sommes\/notre-conseil-dadministration\/\",\"url\":\"https:\/\/www.legalclinickap.ca\/fr\/qui-nous-sommes\/notre-conseil-dadministration\/\",\"name\":\"Notre conseil d\u2019administration - Clinique juridique Grand-Nord Legal Clinic\",\"isPartOf\":{\"@id\":\"https:\/\/www.legalclinickap.ca\/#website\"},\"datePublished\":\"2019-07-25T16:43:54+00:00\",\"dateModified\":\"2024-04-12T17:57:05+00:00\",\"breadcrumb\":{\"@id\":\"https:\/\/www.legalclinickap.ca\/fr\/qui-nous-sommes\/notre-conseil-dadministration\/#breadcrumb\"},\"inLanguage\":\"fr-FR\",\"potentialAction\":[{\"@type\":\"ReadAction\",\"target\":[\"https:\/\/www.legalclinickap.ca\/fr\/qui-nous-sommes\/notre-conseil-dadministration\/\"]}]},{\"@type\":\"BreadcrumbList\",\"@id\":\"https:\/\/www.legalclinickap.ca\/fr\/qui-nous-sommes\/notre-conseil-dadministration\/#breadcrumb\",\"itemListElement\":[{\"@type\":\"ListItem\",\"position\":1,\"name\":\"Home\",\"item\":\"https:\/\/www.legalclinickap.ca\/fr\/\"},{\"@type\":\"ListItem\",\"position\":2,\"name\":\"Qui nous sommes\",\"item\":\"https:\/\/www.legalclinickap.ca\/fr\/qui-nous-sommes\/\"},{\"@type\":\"ListItem\",\"position\":3,\"name\":\"Notre conseil d\u2019administration\"}]},{\"@type\":\"WebSite\",\"@id\":\"https:\/\/www.legalclinickap.ca\/#website\",\"url\":\"https:\/\/www.legalclinickap.ca\/\",\"name\":\"Clinique juridique Grand-Nord Legal Clinic\",\"description\":\"\",\"potentialAction\":[{\"@type\":\"SearchAction\",\"target\":{\"@type\":\"EntryPoint\",\"urlTemplate\":\"https:\/\/www.legalclinickap.ca\/?s={search_term_string}\"},\"query-input\":{\"@type\":\"PropertyValueSpecification\",\"valueRequired\":true,\"valueName\":\"search_term_string\"}}],\"inLanguage\":\"fr-FR\"}]}<\/script>\n<!-- \/ Yoast SEO plugin. -->","yoast_head_json":{"title":"Notre conseil d\u2019administration - Clinique juridique Grand-Nord Legal Clinic","robots":{"index":"index","follow":"follow","max-snippet":"max-snippet:-1","max-image-preview":"max-image-preview:large","max-video-preview":"max-video-preview:-1"},"canonical":"https:\/\/www.legalclinickap.ca\/fr\/qui-nous-sommes\/notre-conseil-dadministration\/","og_locale":"fr_FR","og_type":"article","og_title":"Notre conseil d\u2019administration - Clinique juridique Grand-Nord Legal Clinic","og_description":"Notre clinique est r\u00e9gie par un conseil d&rsquo;administration compos\u00e9 de b\u00e9n\u00e9voles, \u00e9lus chaque ann\u00e9e par les membres de la clinique. Veuillez nous contacter si vous \u00eates int\u00e9ress\u00e9 \u00e0 devenir membre de notre clinique ou \u00e0 participer \u00e0 tout \u00e9v\u00e9nement ou campagne auquel notre clinique participe. La Clinique est toujours \u00e0 la recherche de nouveaux membres pour si\u00e9ger sur son Conseil d\u2019administration.","og_url":"https:\/\/www.legalclinickap.ca\/fr\/qui-nous-sommes\/notre-conseil-dadministration\/","og_site_name":"Clinique juridique Grand-Nord Legal Clinic","article_modified_time":"2024-04-12T17:57:05+00:00","twitter_card":"summary_large_image","twitter_misc":{"Dur\u00e9e de lecture estim\u00e9e":"1 minute"},"schema":{"@context":"https:\/\/schema.org","@graph":[{"@type":"WebPage","@id":"https:\/\/www.legalclinickap.ca\/fr\/qui-nous-sommes\/notre-conseil-dadministration\/","url":"https:\/\/www.legalclinickap.ca\/fr\/qui-nous-sommes\/notre-conseil-dadministration\/","name":"Notre conseil d\u2019administration - Clinique juridique Grand-Nord Legal Clinic","isPartOf":{"@id":"https:\/\/www.legalclinickap.ca\/#website"},"datePublished":"2019-07-25T16:43:54+00:00","dateModified":"2024-04-12T17:57:05+00:00","breadcrumb":{"@id":"https:\/\/www.legalclinickap.ca\/fr\/qui-nous-sommes\/notre-conseil-dadministration\/#breadcrumb"},"inLanguage":"fr-FR","potentialAction":[{"@type":"ReadAction","target":["https:\/\/www.legalclinickap.ca\/fr\/qui-nous-sommes\/notre-conseil-dadministration\/"]}]},{"@type":"BreadcrumbList","@id":"https:\/\/www.legalclinickap.ca\/fr\/qui-nous-sommes\/notre-conseil-dadministration\/#breadcrumb","itemListElement":[{"@type":"ListItem","position":1,"name":"Home","item":"https:\/\/www.legalclinickap.ca\/fr\/"},{"@type":"ListItem","position":2,"name":"Qui nous sommes","item":"https:\/\/www.legalclinickap.ca\/fr\/qui-nous-sommes\/"},{"@type":"ListItem","position":3,"name":"Notre conseil d\u2019administration"}]},{"@type":"WebSite","@id":"https:\/\/www.legalclinickap.ca\/#website","url":"https:\/\/www.legalclinickap.ca\/","name":"Clinique juridique Grand-Nord Legal Clinic","description":"","potentialAction":[{"@type":"SearchAction","target":{"@type":"EntryPoint","urlTemplate":"https:\/\/www.legalclinickap.ca\/?s={search_term_string}"},"query-input":{"@type":"PropertyValueSpecification","valueRequired":true,"valueName":"search_term_string"}}],"inLanguage":"fr-FR"}]}},"_links":{"self":[{"href":"https:\/\/www.legalclinickap.ca\/fr\/wp-json\/wp\/v2\/pages\/1025","targetHints":{"allow":["GET"]}}],"collection":[{"href":"https:\/\/www.legalclinickap.ca\/fr\/wp-json\/wp\/v2\/pages"}],"about":[{"href":"https:\/\/www.legalclinickap.ca\/fr\/wp-json\/wp\/v2\/types\/page"}],"author":[{"embeddable":true,"href":"https:\/\/www.legalclinickap.ca\/fr\/wp-json\/wp\/v2\/users\/2"}],"replies":[{"embeddable":true,"href":"https:\/\/www.legalclinickap.ca\/fr\/wp-json\/wp\/v2\/comments?post=1025"}],"version-history":[{"count":5,"href":"https:\/\/www.legalclinickap.ca\/fr\/wp-json\/wp\/v2\/pages\/1025\/revisions"}],"predecessor-version":[{"id":1581,"href":"https:\/\/www.legalclinickap.ca\/fr\/wp-json\/wp\/v2\/pages\/1025\/revisions\/1581"}],"up":[{"embeddable":true,"href":"https:\/\/www.legalclinickap.ca\/fr\/wp-json\/wp\/v2\/pages\/1017"}],"wp:attachment":[{"href":"https:\/\/www.legalclinickap.ca\/fr\/wp-json\/wp\/v2\/media?parent=1025"}],"curies":[{"name":"wp","href":"https:\/\/api.w.org\/{rel}","templated":true}]}}