{"id":1021,"date":"2019-07-25T12:39:30","date_gmt":"2019-07-25T16:39:30","guid":{"rendered":"http:\/\/kap.turnbull.co\/?page_id=1021"},"modified":"2019-07-28T09:02:05","modified_gmt":"2019-07-28T13:02:05","slug":"services-juridiques-gratuits","status":"publish","type":"page","link":"https:\/\/www.legalclinickap.ca\/fr\/qui-nous-sommes\/services-juridiques-gratuits\/","title":{"rendered":"Services juridiques gratuits"},"content":{"rendered":"<p>Tous les services que nous fournissons sont gratuits si vous \u00eates admissible \u00e0 nos services. Pour plus d&rsquo;informations sur les crit\u00e8res d&rsquo;admissibilit\u00e9, visitez <a href=\"https:\/\/www.legalclinickap.ca\/fr\/nos-services\/admissibilite\/\">Admissibilit\u00e9<\/a>.<\/p>\n<p>Toutefois, si vous en avez les moyens, nous vous demanderons de nous rembourser lorsque nous aurons \u00e0 d\u00e9bourser un montant pour votre cas. Par exemple, les rapports de m\u00e9decin ou les frais de la cour.<\/p>\n<p>Les domaines de droit pratiqu\u00e9s par la clinique sont d\u00e9termin\u00e9s et revus chaque ann\u00e9e par le conseil d\u2019administration de la clinique en fonction des besoins identifi\u00e9s de chaque communaut\u00e9 desservie.<\/p>\n<p>Pour plus d&rsquo;informations sur les services juridiques sp\u00e9cifiques que nous proposons, consultez la page <a href=\"https:\/\/www.legalclinickap.ca\/fr\/nos-services\/comment-nous-pouvons-aider\/\">Comment nous pouvons vous aider<\/a>.<\/p>\n","protected":false},"excerpt":{"rendered":"<p>Tous les services que nous fournissons sont gratuits si vous \u00eates admissible \u00e0 nos services. Pour plus d&rsquo;informations sur les crit\u00e8res d&rsquo;admissibilit\u00e9, visitez <a href=\"https:\/\/www.legalclinickap.ca\/fr\/nos-services\/admissibilite\/\">Admissibilit\u00e9<\/a>.<br \/>\nToutefois, si vous en avez les moyens, nous vous demanderons de nous rembourser lorsque nous aurons \u00e0 d\u00e9bourser un montant pour votre cas. Par exemple,<\/p>\n","protected":false},"author":2,"featured_media":0,"parent":1017,"menu_order":0,"comment_status":"closed","ping_status":"closed","template":"","meta":{"footnotes":""},"class_list":["post-1021","page","type-page","status-publish","hentry"],"yoast_head":"<!-- This site is optimized with the Yoast SEO plugin v27.0 - https:\/\/yoast.com\/product\/yoast-seo-wordpress\/ -->\n<title>Services juridiques gratuits - Clinique juridique Grand-Nord Legal Clinic<\/title>\n<meta name=\"robots\" content=\"index, follow, max-snippet:-1, max-image-preview:large, max-video-preview:-1\" \/>\n<link rel=\"canonical\" href=\"https:\/\/www.legalclinickap.ca\/fr\/qui-nous-sommes\/services-juridiques-gratuits\/\" \/>\n<meta property=\"og:locale\" content=\"fr_FR\" \/>\n<meta property=\"og:type\" content=\"article\" \/>\n<meta property=\"og:title\" content=\"Services juridiques gratuits - Clinique juridique Grand-Nord Legal Clinic\" \/>\n<meta property=\"og:description\" content=\"Tous les services que nous fournissons sont gratuits si vous \u00eates admissible \u00e0 nos services. Pour plus d&rsquo;informations sur les crit\u00e8res d&rsquo;admissibilit\u00e9, visitez Admissibilit\u00e9. Toutefois, si vous en avez les moyens, nous vous demanderons de nous rembourser lorsque nous aurons \u00e0 d\u00e9bourser un montant pour votre cas. Par exemple,\" \/>\n<meta property=\"og:url\" content=\"https:\/\/www.legalclinickap.ca\/fr\/qui-nous-sommes\/services-juridiques-gratuits\/\" \/>\n<meta property=\"og:site_name\" content=\"Clinique juridique Grand-Nord Legal Clinic\" \/>\n<meta property=\"article:modified_time\" content=\"2019-07-28T13:02:05+00:00\" \/>\n<meta name=\"twitter:card\" content=\"summary_large_image\" \/>\n<meta name=\"twitter:label1\" content=\"Dur\u00e9e de lecture estim\u00e9e\" \/>\n\t<meta name=\"twitter:data1\" content=\"1 minute\" \/>\n<script type=\"application\/ld+json\" class=\"yoast-schema-graph\">{\"@context\":\"https:\/\/schema.org\",\"@graph\":[{\"@type\":\"WebPage\",\"@id\":\"https:\/\/www.legalclinickap.ca\/fr\/qui-nous-sommes\/services-juridiques-gratuits\/\",\"url\":\"https:\/\/www.legalclinickap.ca\/fr\/qui-nous-sommes\/services-juridiques-gratuits\/\",\"name\":\"Services juridiques gratuits - Clinique juridique Grand-Nord Legal Clinic\",\"isPartOf\":{\"@id\":\"https:\/\/www.legalclinickap.ca\/#website\"},\"datePublished\":\"2019-07-25T16:39:30+00:00\",\"dateModified\":\"2019-07-28T13:02:05+00:00\",\"breadcrumb\":{\"@id\":\"https:\/\/www.legalclinickap.ca\/fr\/qui-nous-sommes\/services-juridiques-gratuits\/#breadcrumb\"},\"inLanguage\":\"fr-FR\",\"potentialAction\":[{\"@type\":\"ReadAction\",\"target\":[\"https:\/\/www.legalclinickap.ca\/fr\/qui-nous-sommes\/services-juridiques-gratuits\/\"]}]},{\"@type\":\"BreadcrumbList\",\"@id\":\"https:\/\/www.legalclinickap.ca\/fr\/qui-nous-sommes\/services-juridiques-gratuits\/#breadcrumb\",\"itemListElement\":[{\"@type\":\"ListItem\",\"position\":1,\"name\":\"Home\",\"item\":\"https:\/\/www.legalclinickap.ca\/fr\/\"},{\"@type\":\"ListItem\",\"position\":2,\"name\":\"Qui nous sommes\",\"item\":\"https:\/\/www.legalclinickap.ca\/fr\/qui-nous-sommes\/\"},{\"@type\":\"ListItem\",\"position\":3,\"name\":\"Services juridiques gratuits\"}]},{\"@type\":\"WebSite\",\"@id\":\"https:\/\/www.legalclinickap.ca\/#website\",\"url\":\"https:\/\/www.legalclinickap.ca\/\",\"name\":\"Clinique juridique Grand-Nord Legal Clinic\",\"description\":\"\",\"potentialAction\":[{\"@type\":\"SearchAction\",\"target\":{\"@type\":\"EntryPoint\",\"urlTemplate\":\"https:\/\/www.legalclinickap.ca\/?s={search_term_string}\"},\"query-input\":{\"@type\":\"PropertyValueSpecification\",\"valueRequired\":true,\"valueName\":\"search_term_string\"}}],\"inLanguage\":\"fr-FR\"}]}<\/script>\n<!-- \/ Yoast SEO plugin. -->","yoast_head_json":{"title":"Services juridiques gratuits - Clinique juridique Grand-Nord Legal Clinic","robots":{"index":"index","follow":"follow","max-snippet":"max-snippet:-1","max-image-preview":"max-image-preview:large","max-video-preview":"max-video-preview:-1"},"canonical":"https:\/\/www.legalclinickap.ca\/fr\/qui-nous-sommes\/services-juridiques-gratuits\/","og_locale":"fr_FR","og_type":"article","og_title":"Services juridiques gratuits - Clinique juridique Grand-Nord Legal Clinic","og_description":"Tous les services que nous fournissons sont gratuits si vous \u00eates admissible \u00e0 nos services. Pour plus d&rsquo;informations sur les crit\u00e8res d&rsquo;admissibilit\u00e9, visitez Admissibilit\u00e9. Toutefois, si vous en avez les moyens, nous vous demanderons de nous rembourser lorsque nous aurons \u00e0 d\u00e9bourser un montant pour votre cas. Par exemple,","og_url":"https:\/\/www.legalclinickap.ca\/fr\/qui-nous-sommes\/services-juridiques-gratuits\/","og_site_name":"Clinique juridique Grand-Nord Legal Clinic","article_modified_time":"2019-07-28T13:02:05+00:00","twitter_card":"summary_large_image","twitter_misc":{"Dur\u00e9e de lecture estim\u00e9e":"1 minute"},"schema":{"@context":"https:\/\/schema.org","@graph":[{"@type":"WebPage","@id":"https:\/\/www.legalclinickap.ca\/fr\/qui-nous-sommes\/services-juridiques-gratuits\/","url":"https:\/\/www.legalclinickap.ca\/fr\/qui-nous-sommes\/services-juridiques-gratuits\/","name":"Services juridiques gratuits - Clinique juridique Grand-Nord Legal Clinic","isPartOf":{"@id":"https:\/\/www.legalclinickap.ca\/#website"},"datePublished":"2019-07-25T16:39:30+00:00","dateModified":"2019-07-28T13:02:05+00:00","breadcrumb":{"@id":"https:\/\/www.legalclinickap.ca\/fr\/qui-nous-sommes\/services-juridiques-gratuits\/#breadcrumb"},"inLanguage":"fr-FR","potentialAction":[{"@type":"ReadAction","target":["https:\/\/www.legalclinickap.ca\/fr\/qui-nous-sommes\/services-juridiques-gratuits\/"]}]},{"@type":"BreadcrumbList","@id":"https:\/\/www.legalclinickap.ca\/fr\/qui-nous-sommes\/services-juridiques-gratuits\/#breadcrumb","itemListElement":[{"@type":"ListItem","position":1,"name":"Home","item":"https:\/\/www.legalclinickap.ca\/fr\/"},{"@type":"ListItem","position":2,"name":"Qui nous sommes","item":"https:\/\/www.legalclinickap.ca\/fr\/qui-nous-sommes\/"},{"@type":"ListItem","position":3,"name":"Services juridiques gratuits"}]},{"@type":"WebSite","@id":"https:\/\/www.legalclinickap.ca\/#website","url":"https:\/\/www.legalclinickap.ca\/","name":"Clinique juridique Grand-Nord Legal Clinic","description":"","potentialAction":[{"@type":"SearchAction","target":{"@type":"EntryPoint","urlTemplate":"https:\/\/www.legalclinickap.ca\/?s={search_term_string}"},"query-input":{"@type":"PropertyValueSpecification","valueRequired":true,"valueName":"search_term_string"}}],"inLanguage":"fr-FR"}]}},"_links":{"self":[{"href":"https:\/\/www.legalclinickap.ca\/fr\/wp-json\/wp\/v2\/pages\/1021","targetHints":{"allow":["GET"]}}],"collection":[{"href":"https:\/\/www.legalclinickap.ca\/fr\/wp-json\/wp\/v2\/pages"}],"about":[{"href":"https:\/\/www.legalclinickap.ca\/fr\/wp-json\/wp\/v2\/types\/page"}],"author":[{"embeddable":true,"href":"https:\/\/www.legalclinickap.ca\/fr\/wp-json\/wp\/v2\/users\/2"}],"replies":[{"embeddable":true,"href":"https:\/\/www.legalclinickap.ca\/fr\/wp-json\/wp\/v2\/comments?post=1021"}],"version-history":[{"count":3,"href":"https:\/\/www.legalclinickap.ca\/fr\/wp-json\/wp\/v2\/pages\/1021\/revisions"}],"predecessor-version":[{"id":1084,"href":"https:\/\/www.legalclinickap.ca\/fr\/wp-json\/wp\/v2\/pages\/1021\/revisions\/1084"}],"up":[{"embeddable":true,"href":"https:\/\/www.legalclinickap.ca\/fr\/wp-json\/wp\/v2\/pages\/1017"}],"wp:attachment":[{"href":"https:\/\/www.legalclinickap.ca\/fr\/wp-json\/wp\/v2\/media?parent=1021"}],"curies":[{"name":"wp","href":"https:\/\/api.w.org\/{rel}","templated":true}]}}