{"id":1019,"date":"2019-07-25T12:34:29","date_gmt":"2019-07-25T16:34:29","guid":{"rendered":"http:\/\/kap.turnbull.co\/?page_id=1019"},"modified":"2019-10-11T11:26:05","modified_gmt":"2019-10-11T15:26:05","slug":"au-sujet-de-notre-clinique","status":"publish","type":"page","link":"https:\/\/www.legalclinickap.ca\/fr\/qui-nous-sommes\/au-sujet-de-notre-clinique\/","title":{"rendered":"Au sujet de notre clinique"},"content":{"rendered":"<ul>\n<li>La clinique juridique de Kapuskasing fournit des conseils juridiques gratuits pour les domaines de droit que nous pratiquons aux personnes \u00e0 faibles revenus qui demeurent dans notre zone de desserte situ\u00e9 de Cochrane \u00e0 Hornepayne.<\/li>\n<li>Nous sommes une clinique juridique communautaire \u00e0 but non lucratif financ\u00e9e par Aide juridique Ontario.<\/li>\n<li>Nous ne sommes pas Aide juridique Ontario, nous sommes une organisation distincte.<\/li>\n<li>La clinique est r\u00e9gie par un conseil d&rsquo;administration compos\u00e9 de b\u00e9n\u00e9voles issus des communaut\u00e9s environnantes.<\/li>\n<li>Nous pr\u00e9sentons \u00e9galement des s\u00e9ances d\u2019information juridique pour le public et des organismes communautaires.<\/li>\n<\/ul>\n","protected":false},"excerpt":{"rendered":"<p>La clinique juridique de Kapuskasing fournit des conseils juridiques gratuits pour les domaines de droit que nous pratiquons aux personnes \u00e0 faibles revenus qui demeurent dans notre zone de desserte situ\u00e9 de Cochrane \u00e0 Hornepayne.<br \/>\nNous sommes une clinique juridique communautaire \u00e0 but non lucratif financ\u00e9e par Aide juridique Ontario.<br \/>\nNous ne sommes pas Aide juridique Ontario,<\/p>\n","protected":false},"author":2,"featured_media":0,"parent":1017,"menu_order":0,"comment_status":"closed","ping_status":"closed","template":"","meta":{"footnotes":""},"class_list":["post-1019","page","type-page","status-publish","hentry"],"yoast_head":"<!-- This site is optimized with the Yoast SEO plugin v27.0 - https:\/\/yoast.com\/product\/yoast-seo-wordpress\/ -->\n<title>Au sujet de notre clinique - Clinique juridique Grand-Nord Legal Clinic<\/title>\n<meta name=\"robots\" content=\"index, follow, max-snippet:-1, max-image-preview:large, max-video-preview:-1\" \/>\n<link rel=\"canonical\" href=\"https:\/\/www.legalclinickap.ca\/fr\/qui-nous-sommes\/au-sujet-de-notre-clinique\/\" \/>\n<meta property=\"og:locale\" content=\"fr_FR\" \/>\n<meta property=\"og:type\" content=\"article\" \/>\n<meta property=\"og:title\" content=\"Au sujet de notre clinique - Clinique juridique Grand-Nord Legal Clinic\" \/>\n<meta property=\"og:description\" content=\"La clinique juridique de Kapuskasing fournit des conseils juridiques gratuits pour les domaines de droit que nous pratiquons aux personnes \u00e0 faibles revenus qui demeurent dans notre zone de desserte situ\u00e9 de Cochrane \u00e0 Hornepayne. Nous sommes une clinique juridique communautaire \u00e0 but non lucratif financ\u00e9e par Aide juridique Ontario. Nous ne sommes pas Aide juridique Ontario,\" \/>\n<meta property=\"og:url\" content=\"https:\/\/www.legalclinickap.ca\/fr\/qui-nous-sommes\/au-sujet-de-notre-clinique\/\" \/>\n<meta property=\"og:site_name\" content=\"Clinique juridique Grand-Nord Legal Clinic\" \/>\n<meta property=\"article:modified_time\" content=\"2019-10-11T15:26:05+00:00\" \/>\n<meta name=\"twitter:card\" content=\"summary_large_image\" \/>\n<script type=\"application\/ld+json\" class=\"yoast-schema-graph\">{\"@context\":\"https:\/\/schema.org\",\"@graph\":[{\"@type\":\"WebPage\",\"@id\":\"https:\/\/www.legalclinickap.ca\/fr\/qui-nous-sommes\/au-sujet-de-notre-clinique\/\",\"url\":\"https:\/\/www.legalclinickap.ca\/fr\/qui-nous-sommes\/au-sujet-de-notre-clinique\/\",\"name\":\"Au sujet de notre clinique - Clinique juridique Grand-Nord Legal Clinic\",\"isPartOf\":{\"@id\":\"https:\/\/www.legalclinickap.ca\/#website\"},\"datePublished\":\"2019-07-25T16:34:29+00:00\",\"dateModified\":\"2019-10-11T15:26:05+00:00\",\"breadcrumb\":{\"@id\":\"https:\/\/www.legalclinickap.ca\/fr\/qui-nous-sommes\/au-sujet-de-notre-clinique\/#breadcrumb\"},\"inLanguage\":\"fr-FR\",\"potentialAction\":[{\"@type\":\"ReadAction\",\"target\":[\"https:\/\/www.legalclinickap.ca\/fr\/qui-nous-sommes\/au-sujet-de-notre-clinique\/\"]}]},{\"@type\":\"BreadcrumbList\",\"@id\":\"https:\/\/www.legalclinickap.ca\/fr\/qui-nous-sommes\/au-sujet-de-notre-clinique\/#breadcrumb\",\"itemListElement\":[{\"@type\":\"ListItem\",\"position\":1,\"name\":\"Home\",\"item\":\"https:\/\/www.legalclinickap.ca\/fr\/\"},{\"@type\":\"ListItem\",\"position\":2,\"name\":\"Qui nous sommes\",\"item\":\"https:\/\/www.legalclinickap.ca\/fr\/qui-nous-sommes\/\"},{\"@type\":\"ListItem\",\"position\":3,\"name\":\"Au sujet de notre clinique\"}]},{\"@type\":\"WebSite\",\"@id\":\"https:\/\/www.legalclinickap.ca\/#website\",\"url\":\"https:\/\/www.legalclinickap.ca\/\",\"name\":\"Clinique juridique Grand-Nord Legal Clinic\",\"description\":\"\",\"potentialAction\":[{\"@type\":\"SearchAction\",\"target\":{\"@type\":\"EntryPoint\",\"urlTemplate\":\"https:\/\/www.legalclinickap.ca\/?s={search_term_string}\"},\"query-input\":{\"@type\":\"PropertyValueSpecification\",\"valueRequired\":true,\"valueName\":\"search_term_string\"}}],\"inLanguage\":\"fr-FR\"}]}<\/script>\n<!-- \/ Yoast SEO plugin. -->","yoast_head_json":{"title":"Au sujet de notre clinique - Clinique juridique Grand-Nord Legal Clinic","robots":{"index":"index","follow":"follow","max-snippet":"max-snippet:-1","max-image-preview":"max-image-preview:large","max-video-preview":"max-video-preview:-1"},"canonical":"https:\/\/www.legalclinickap.ca\/fr\/qui-nous-sommes\/au-sujet-de-notre-clinique\/","og_locale":"fr_FR","og_type":"article","og_title":"Au sujet de notre clinique - Clinique juridique Grand-Nord Legal Clinic","og_description":"La clinique juridique de Kapuskasing fournit des conseils juridiques gratuits pour les domaines de droit que nous pratiquons aux personnes \u00e0 faibles revenus qui demeurent dans notre zone de desserte situ\u00e9 de Cochrane \u00e0 Hornepayne. Nous sommes une clinique juridique communautaire \u00e0 but non lucratif financ\u00e9e par Aide juridique Ontario. Nous ne sommes pas Aide juridique Ontario,","og_url":"https:\/\/www.legalclinickap.ca\/fr\/qui-nous-sommes\/au-sujet-de-notre-clinique\/","og_site_name":"Clinique juridique Grand-Nord Legal Clinic","article_modified_time":"2019-10-11T15:26:05+00:00","twitter_card":"summary_large_image","schema":{"@context":"https:\/\/schema.org","@graph":[{"@type":"WebPage","@id":"https:\/\/www.legalclinickap.ca\/fr\/qui-nous-sommes\/au-sujet-de-notre-clinique\/","url":"https:\/\/www.legalclinickap.ca\/fr\/qui-nous-sommes\/au-sujet-de-notre-clinique\/","name":"Au sujet de notre clinique - Clinique juridique Grand-Nord Legal Clinic","isPartOf":{"@id":"https:\/\/www.legalclinickap.ca\/#website"},"datePublished":"2019-07-25T16:34:29+00:00","dateModified":"2019-10-11T15:26:05+00:00","breadcrumb":{"@id":"https:\/\/www.legalclinickap.ca\/fr\/qui-nous-sommes\/au-sujet-de-notre-clinique\/#breadcrumb"},"inLanguage":"fr-FR","potentialAction":[{"@type":"ReadAction","target":["https:\/\/www.legalclinickap.ca\/fr\/qui-nous-sommes\/au-sujet-de-notre-clinique\/"]}]},{"@type":"BreadcrumbList","@id":"https:\/\/www.legalclinickap.ca\/fr\/qui-nous-sommes\/au-sujet-de-notre-clinique\/#breadcrumb","itemListElement":[{"@type":"ListItem","position":1,"name":"Home","item":"https:\/\/www.legalclinickap.ca\/fr\/"},{"@type":"ListItem","position":2,"name":"Qui nous sommes","item":"https:\/\/www.legalclinickap.ca\/fr\/qui-nous-sommes\/"},{"@type":"ListItem","position":3,"name":"Au sujet de notre clinique"}]},{"@type":"WebSite","@id":"https:\/\/www.legalclinickap.ca\/#website","url":"https:\/\/www.legalclinickap.ca\/","name":"Clinique juridique Grand-Nord Legal Clinic","description":"","potentialAction":[{"@type":"SearchAction","target":{"@type":"EntryPoint","urlTemplate":"https:\/\/www.legalclinickap.ca\/?s={search_term_string}"},"query-input":{"@type":"PropertyValueSpecification","valueRequired":true,"valueName":"search_term_string"}}],"inLanguage":"fr-FR"}]}},"_links":{"self":[{"href":"https:\/\/www.legalclinickap.ca\/fr\/wp-json\/wp\/v2\/pages\/1019","targetHints":{"allow":["GET"]}}],"collection":[{"href":"https:\/\/www.legalclinickap.ca\/fr\/wp-json\/wp\/v2\/pages"}],"about":[{"href":"https:\/\/www.legalclinickap.ca\/fr\/wp-json\/wp\/v2\/types\/page"}],"author":[{"embeddable":true,"href":"https:\/\/www.legalclinickap.ca\/fr\/wp-json\/wp\/v2\/users\/2"}],"replies":[{"embeddable":true,"href":"https:\/\/www.legalclinickap.ca\/fr\/wp-json\/wp\/v2\/comments?post=1019"}],"version-history":[{"count":4,"href":"https:\/\/www.legalclinickap.ca\/fr\/wp-json\/wp\/v2\/pages\/1019\/revisions"}],"predecessor-version":[{"id":1263,"href":"https:\/\/www.legalclinickap.ca\/fr\/wp-json\/wp\/v2\/pages\/1019\/revisions\/1263"}],"up":[{"embeddable":true,"href":"https:\/\/www.legalclinickap.ca\/fr\/wp-json\/wp\/v2\/pages\/1017"}],"wp:attachment":[{"href":"https:\/\/www.legalclinickap.ca\/fr\/wp-json\/wp\/v2\/media?parent=1019"}],"curies":[{"name":"wp","href":"https:\/\/api.w.org\/{rel}","templated":true}]}}